{"id":78,"date":"2021-05-14T09:32:48","date_gmt":"2021-05-14T07:32:48","guid":{"rendered":"https:\/\/www.xn--homopathie-marienhafe-jec.de\/home\/?page_id=78"},"modified":"2021-05-14T09:41:51","modified_gmt":"2021-05-14T07:41:51","slug":"aktuelles","status":"publish","type":"page","link":"https:\/\/www.xn--homopathie-marienhafe-jec.de\/home\/aktuelles\/","title":{"rendered":"Aktuelles"},"content":{"rendered":"\n<div class=\"posts\"><div class=\"post\"><a class=\"post_title quote\" href=\"https:\/\/www.xn--homopathie-marienhafe-jec.de\/home\/2022\/03\/21\/homoeopathische-long-covid-sprechstunde\/\"><div class=\"post_title quote\">Hom\u00f6opathische Long-COVID-Sprechstunde<\/div><\/a><a href=\"https:\/\/www.xn--homopathie-marienhafe-jec.de\/home\/2022\/03\/21\/homoeopathische-long-covid-sprechstunde\/\"><div><img decoding=\"async\" src=\"\" class=\"thumb\"><\/div><\/a><div class=\"post_excerpt text\"><\/div><a class=\"button\" href=\"https:\/\/www.xn--homopathie-marienhafe-jec.de\/home\/2022\/03\/21\/homoeopathische-long-covid-sprechstunde\/\">Weiterlesen<\/a><\/div><div class=\"post\"><a class=\"post_title quote\" href=\"https:\/\/www.xn--homopathie-marienhafe-jec.de\/home\/2021\/06\/02\/forschungsprojekt-post-covid-19\/\"><div class=\"post_title quote\">Forschungsprojekt Post COVID 19<\/div><\/a><a href=\"https:\/\/www.xn--homopathie-marienhafe-jec.de\/home\/2021\/06\/02\/forschungsprojekt-post-covid-19\/\"><div><img decoding=\"async\" src=\"\" class=\"thumb\"><\/div><\/a><div class=\"post_excerpt text\">Im M\u00e4rz 2021 habe ich an dem Online-Fachseminar \"Langzeitfolgen von Covid-19 und andere Ersch\u00f6pfungszust\u00e4nde\" der SHI Schule teilgenommen. Infos zum Forschungsprojekt \"Hom\u00f6opathie bei Sp\u00e4tfolgen von Covid-19\" der B. K. Bose Stiftung.<\/div><a class=\"button\" href=\"https:\/\/www.xn--homopathie-marienhafe-jec.de\/home\/2021\/06\/02\/forschungsprojekt-post-covid-19\/\">Weiterlesen<\/a><\/div><div class=\"post\"><a class=\"post_title quote\" href=\"https:\/\/www.xn--homopathie-marienhafe-jec.de\/home\/2021\/05\/28\/kleine-auswahl-fuer-eine-homoeopathische-hausapotheke\/\"><div class=\"post_title quote\">Kleine Auswahl f\u00fcr eine hom\u00f6opathische Hausapotheke<\/div><\/a><a href=\"https:\/\/www.xn--homopathie-marienhafe-jec.de\/home\/2021\/05\/28\/kleine-auswahl-fuer-eine-homoeopathische-hausapotheke\/\"><div><img decoding=\"async\" src=\"https:\/\/www.xn--homopathie-marienhafe-jec.de\/home\/wp-content\/uploads\/2021\/05\/Globuli3-scaled.jpg\" class=\"thumb\"><\/div><\/a><div class=\"post_excerpt text\">Ich bekomme immer wieder Anfragen, ob es sinnvoll ist f\u00fcr den Bedarfsfall eine eigene kleine Anzahl von Akutmitteln f\u00fcr die hom\u00f6opathische Hausapotheke zu Hause zu haben.<\/div><a class=\"button\" href=\"https:\/\/www.xn--homopathie-marienhafe-jec.de\/home\/2021\/05\/28\/kleine-auswahl-fuer-eine-homoeopathische-hausapotheke\/\">Weiterlesen<\/a><\/div><\/div>\n","protected":false},"excerpt":{"rendered":"","protected":false},"author":1,"featured_media":0,"parent":0,"menu_order":0,"comment_status":"closed","ping_status":"closed","template":"","meta":{"footnotes":""},"class_list":["post-78","page","type-page","status-publish","hentry"],"_links":{"self":[{"href":"https:\/\/www.xn--homopathie-marienhafe-jec.de\/home\/wp-json\/wp\/v2\/pages\/78","targetHints":{"allow":["GET"]}}],"collection":[{"href":"https:\/\/www.xn--homopathie-marienhafe-jec.de\/home\/wp-json\/wp\/v2\/pages"}],"about":[{"href":"https:\/\/www.xn--homopathie-marienhafe-jec.de\/home\/wp-json\/wp\/v2\/types\/page"}],"author":[{"embeddable":true,"href":"https:\/\/www.xn--homopathie-marienhafe-jec.de\/home\/wp-json\/wp\/v2\/users\/1"}],"replies":[{"embeddable":true,"href":"https:\/\/www.xn--homopathie-marienhafe-jec.de\/home\/wp-json\/wp\/v2\/comments?post=78"}],"version-history":[{"count":4,"href":"https:\/\/www.xn--homopathie-marienhafe-jec.de\/home\/wp-json\/wp\/v2\/pages\/78\/revisions"}],"predecessor-version":[{"id":86,"href":"https:\/\/www.xn--homopathie-marienhafe-jec.de\/home\/wp-json\/wp\/v2\/pages\/78\/revisions\/86"}],"wp:attachment":[{"href":"https:\/\/www.xn--homopathie-marienhafe-jec.de\/home\/wp-json\/wp\/v2\/media?parent=78"}],"curies":[{"name":"wp","href":"https:\/\/api.w.org\/{rel}","templated":true}]}}