{"id":32,"date":"2021-04-19T12:16:40","date_gmt":"2021-04-19T10:16:40","guid":{"rendered":"http:\/\/www.xn--homopathie-marienhafe-jec.de\/home\/?page_id=32"},"modified":"2021-06-02T16:13:19","modified_gmt":"2021-06-02T14:13:19","slug":"literatur-links","status":"publish","type":"page","link":"https:\/\/www.xn--homopathie-marienhafe-jec.de\/home\/literatur-links\/","title":{"rendered":"Literatur &#038; Links"},"content":{"rendered":"\n<h3 class=\"wp-block-heading\">Links<\/h3>\n\n\n\n<p><strong><a href=\"https:\/\/www.vkhd.de\/patienten\" target=\"_blank\" rel=\"noreferrer noopener\">Verband klassischer Hom\u00f6opathen Deutschlands<\/a><\/strong><\/p>\n\n\n\n<p><strong><a href=\"https:\/\/www.bkhd.de\/de\/startseite\" data-type=\"URL\" data-id=\"https:\/\/www.bkhd.de\/de\/startseite\" target=\"_blank\" rel=\"noreferrer noopener\">Bund Klassischer Hom\u00f6opathen Deutschlands e.V.<\/a><\/strong><\/p>\n\n\n\n<p><strong><a href=\"http:\/\/www.shi.ch\" data-type=\"URL\" data-id=\"www.shi.ch\" target=\"_blank\" rel=\"noreferrer noopener\">SHI Schule Schweiz<\/a><\/strong><\/p>\n\n\n\n<p><strong><a href=\"https:\/\/www.carstens-stiftung.de\/homoeopathie.html\" target=\"_blank\" rel=\"noreferrer noopener\">Carstens-Stiftung<\/a><\/strong><\/p>\n\n\n\n<p><strong><a href=\"https:\/\/www.hri-research.org\/de\/einfuehrung\/\" data-type=\"URL\" data-id=\"https:\/\/www.hri-research.org\/de\/einfuehrung\/\" target=\"_blank\" rel=\"noreferrer noopener\">Homeopathy Research Institute (HRI)<\/a><\/strong><\/p>\n\n\n\n<p><strong><a href=\"https:\/\/www.bph-online.de\/\" target=\"_blank\" rel=\"noreferrer noopener\">Bundesverband Patienten f\u00fcr Hom\u00f6opathie (BPH)<\/a><\/strong><\/p>\n\n\n\n<p><strong><a rel=\"noreferrer noopener\" href=\"https:\/\/www.homoeopathenohnegrenzen.de\/\" data-type=\"URL\" data-id=\"https:\/\/www.homoeopathenohnegrenzen.de\/\" target=\"_blank\">Hom\u00f6opathen ohne Grenzen (HOG)<\/a><\/strong><\/p>\n\n\n\n<p><\/p>\n\n\n\n<h3 class=\"wp-block-heading\">Podcast<\/h3>\n\n\n\n<p><a rel=\"noreferrer noopener\" href=\"https:\/\/homoeopathie.podigee.io\/\" data-type=\"URL\" data-id=\"https:\/\/homoeopathie.podigee.io\/\" target=\"_blank\"><strong>&#8222;Hom\u00f6opathie: Gesundheit durch Hilfe zur Selbstheilung&#8220;<\/strong><\/a><\/p>\n\n\n\n<p><\/p>\n\n\n\n<h3 class=\"wp-block-heading\">Literatur<\/h3>\n\n\n\n<p>Jus, M.S. Die Reise einer Krankheit, Hom\u00f6opathisches Konzept von Heilung und Unterdr\u00fcckung Hom\u00f6opathie verstehen, ein praktischer Leitfaden.<br>ISBN: 978-3906407036<\/p>\n\n\n\n<p>Kent, James Tyler. Zur Theorie der Hom\u00f6opathie. Vorlesungen \u00fcber Hahnemanns Organon.<br>ISBN-13: 9783830403050<\/p>\n\n\n\n<p><a href=\"http:\/\/www.hom\u00f6osana.ch\" data-type=\"URL\" data-id=\"www.hom\u00f6osana.ch\" target=\"_blank\" rel=\"noreferrer noopener\"><strong>Similia Zeitschrift f\u00fcr klassische Hom\u00f6opathie<\/strong><\/a><\/p>\n\n\n\n<p>Hom\u00f6opathische Erste Hilfe, M.S. Jus, ISBN: 978-3-906407-04-3<\/p>\n","protected":false},"excerpt":{"rendered":"<p>Links Verband klassischer Hom\u00f6opathen Deutschlands Bund Klassischer Hom\u00f6opathen Deutschlands e.V. SHI Schule Schweiz Carstens-Stiftung Homeopathy Research Institute (HRI) Bundesverband Patienten f\u00fcr Hom\u00f6opathie (BPH) Hom\u00f6opathen ohne Grenzen (HOG) Podcast &#8222;Hom\u00f6opathie: Gesundheit durch Hilfe zur Selbstheilung&#8220; Literatur Jus, M.S. Die Reise einer Krankheit, Hom\u00f6opathisches Konzept von Heilung und Unterdr\u00fcckung Hom\u00f6opathie verstehen, ein praktischer Leitfaden.ISBN: 978-3906407036 Kent, James [&hellip;]<\/p>\n","protected":false},"author":1,"featured_media":89,"parent":0,"menu_order":0,"comment_status":"closed","ping_status":"closed","template":"","meta":{"footnotes":""},"class_list":["post-32","page","type-page","status-publish","has-post-thumbnail","hentry"],"_links":{"self":[{"href":"https:\/\/www.xn--homopathie-marienhafe-jec.de\/home\/wp-json\/wp\/v2\/pages\/32","targetHints":{"allow":["GET"]}}],"collection":[{"href":"https:\/\/www.xn--homopathie-marienhafe-jec.de\/home\/wp-json\/wp\/v2\/pages"}],"about":[{"href":"https:\/\/www.xn--homopathie-marienhafe-jec.de\/home\/wp-json\/wp\/v2\/types\/page"}],"author":[{"embeddable":true,"href":"https:\/\/www.xn--homopathie-marienhafe-jec.de\/home\/wp-json\/wp\/v2\/users\/1"}],"replies":[{"embeddable":true,"href":"https:\/\/www.xn--homopathie-marienhafe-jec.de\/home\/wp-json\/wp\/v2\/comments?post=32"}],"version-history":[{"count":8,"href":"https:\/\/www.xn--homopathie-marienhafe-jec.de\/home\/wp-json\/wp\/v2\/pages\/32\/revisions"}],"predecessor-version":[{"id":136,"href":"https:\/\/www.xn--homopathie-marienhafe-jec.de\/home\/wp-json\/wp\/v2\/pages\/32\/revisions\/136"}],"wp:featuredmedia":[{"embeddable":true,"href":"https:\/\/www.xn--homopathie-marienhafe-jec.de\/home\/wp-json\/wp\/v2\/media\/89"}],"wp:attachment":[{"href":"https:\/\/www.xn--homopathie-marienhafe-jec.de\/home\/wp-json\/wp\/v2\/media?parent=32"}],"curies":[{"name":"wp","href":"https:\/\/api.w.org\/{rel}","templated":true}]}}