{"id":23,"date":"2021-04-19T11:47:37","date_gmt":"2021-04-19T09:47:37","guid":{"rendered":"http:\/\/www.xn--homopathie-marienhafe-jec.de\/home\/?page_id=23"},"modified":"2021-08-26T17:55:36","modified_gmt":"2021-08-26T15:55:36","slug":"behandlungsablauf","status":"publish","type":"page","link":"https:\/\/www.xn--homopathie-marienhafe-jec.de\/home\/behandlungsablauf\/","title":{"rendered":"Behandlungsablauf"},"content":{"rendered":"\n<div class=\"wp-block-image\"><figure class=\"aligncenter size-large\"><img loading=\"lazy\" decoding=\"async\" width=\"283\" height=\"425\" src=\"http:\/\/www.xn--homopathie-marienhafe-jec.de\/home\/wp-content\/uploads\/2021\/05\/Blume.jpg\" alt=\"\" class=\"wp-image-121\" srcset=\"https:\/\/www.xn--homopathie-marienhafe-jec.de\/home\/wp-content\/uploads\/2021\/05\/Blume.jpg 283w, https:\/\/www.xn--homopathie-marienhafe-jec.de\/home\/wp-content\/uploads\/2021\/05\/Blume-200x300.jpg 200w\" sizes=\"auto, (max-width: 283px) 100vw, 283px\" \/><\/figure><\/div>\n\n\n\n<p>Zu einer guten hom\u00f6opathischen Diagnose geh\u00f6rt, bei der Anamnese die richtigen Fragen zu stellen, um herauszufinden, was wirklich wichtig ist. Eine Methode, bei der ich auf Augenh\u00f6he dem Menschen begegne. Sie ist die Grundlage f\u00fcr eine individuelle Behandlung. Hom\u00f6opathie kann bei k\u00f6rperlichen, psychischen und seelischen Beschwerden und Krankheiten zum Einsatz kommen.<\/p>\n\n\n\n<p>Ich suche f\u00fcr Sie Ihre spezifische hom\u00f6opathische Arznei heraus, sozusagen Ihren therapeutischen Ma\u00dfanzug, der f\u00fcr Sie, f\u00fcr Ihre individuelle Symptomatik nach klar abgegrenzten Regeln geschneidert wird. <\/p>\n\n\n\n<p>Sie eignet sich sowohl f\u00fcr Patienten mit diagnostizierten Krankheiten, als auch f\u00fcr Menschen mit Symptomen, die trotz ausf\u00fchrlicher Diagnostik keiner bestimmten Krankheit zugeordnet werden k\u00f6nnen.<\/p>\n\n\n\n<h2 class=\"wp-block-heading\">Bei chronischen Erkrankungen<\/h2>\n\n\n\n<p>F\u00fcr eine gr\u00fcndliche Erstanamnese k\u00f6nnen folgende Informationen wesentlich sein:<\/p>\n\n\n\n<ul class=\"wp-block-list\"><li>Auflistung der Krankheiten, die Sie im Leben hatten<\/li><li>Der aktuelle Impfpass<\/li><li>Bei der Behandlung von Kindern:<ul><li>Der Mutterpass<\/li><li>Das U-Untersuchungsheft<\/li><li>Arztberichte<\/li><li>Aktueller Medikamentenplan<\/li><\/ul><\/li><li>Auflistung der Krankheiten in der Familie, jeweils bei Eltern und Gro\u00dfeltern von beiden Seiten.<\/li><\/ul>\n\n\n\n<p>Bitte bringen Sie, wenn m\u00f6glich, ein Foto in Passbildgr\u00f6\u00dfe von sich mit.<\/p>\n\n\n\n<p>Das ein- bis zweist\u00fcndige Erstgespr\u00e4ch gilt ganz Ihren Hauptbeschwerden und dient der Informationsgewinnung. Dabei interessieren sowohl aktuelle Symptome und Ereignisse, die f\u00fcr Sie wichtig sind, als auch Dinge aus Ihrer Geschichte. \u00c4u\u00dfern Sie bitte auch die Symptome, wenn diese bei Ihrem bisherigen Therapeut*innen ignoriert oder bel\u00e4chelt wurden. Oftmals k\u00f6nnen gerade diese f\u00fcr die Verschreibung der Arznei einen besonderen Wert haben.<\/p>\n\n\n\n<p>Die Betrachtung der Erbanlagen, die Belastungen, die einem in die Wiege gelegt wurden sind wichtige Elemente, um die passende Arznei zu bestimmen.<\/p>\n\n\n\n<p>Die von Ihnen ge\u00e4u\u00dferten Symptome sind Wegweiser zur Arzneifindung. Die Fallanalyse erfolgt nach festgelegten Regeln. Wenn mir am Ende der Anamnese der Fall klar erscheint, entscheide ich sofort, welches Arzneimittel Sie bekommen. In allen anderen F\u00e4llen ermittle ich die passende Arznei innerhalb weniger Tage nach unserem Erstgespr\u00e4ch.&nbsp;&nbsp;&nbsp;<\/p>\n\n\n\n<p>Der erste Folgetermin findet bei der Behandlung chronischer Erkrankungen je nach Arznei und verordneter Potenz h\u00e4ufig nach 4 bis 8 Wochen statt. Es geht darum, Ver\u00e4nderungen seit Arzneieinnahme wahrzunehmen und richtig zu bewerten, woraus sich der n\u00e4chste Behandlungsschritt ergibt. Die zentrale Frage bei jedem Folgetermin lautet: \u201eWie geht es Ihnen?\u201c K\u00f6rperlich, aber auch psychisch. Ich begleite Sie auf Ihrem Weg. Jede Ver\u00e4nderung wird sorgf\u00e4ltig nach den Regeln der klassischen Hom\u00f6opathie analysiert. Die Dauer eines Folgetermins betr\u00e4gt ca. 30 bis 45 Minuten.&nbsp;<\/p>\n\n\n\n<p><\/p>\n\n\n\n<div class=\"wp-block-cover\"><img loading=\"lazy\" decoding=\"async\" width=\"1024\" height=\"683\" class=\"wp-block-cover__image-background wp-image-97\" alt=\"\" src=\"https:\/\/www.xn--homopathie-marienhafe-jec.de\/home\/wp-content\/uploads\/2021\/05\/DSC7646-1024x683.jpg\" data-object-fit=\"cover\" srcset=\"https:\/\/www.xn--homopathie-marienhafe-jec.de\/home\/wp-content\/uploads\/2021\/05\/DSC7646-1024x683.jpg 1024w, https:\/\/www.xn--homopathie-marienhafe-jec.de\/home\/wp-content\/uploads\/2021\/05\/DSC7646-300x200.jpg 300w, https:\/\/www.xn--homopathie-marienhafe-jec.de\/home\/wp-content\/uploads\/2021\/05\/DSC7646-768x512.jpg 768w, https:\/\/www.xn--homopathie-marienhafe-jec.de\/home\/wp-content\/uploads\/2021\/05\/DSC7646-1536x1025.jpg 1536w, https:\/\/www.xn--homopathie-marienhafe-jec.de\/home\/wp-content\/uploads\/2021\/05\/DSC7646-2048x1367.jpg 2048w, https:\/\/www.xn--homopathie-marienhafe-jec.de\/home\/wp-content\/uploads\/2021\/05\/DSC7646-272x182.jpg 272w\" sizes=\"auto, (max-width: 1024px) 100vw, 1024px\" \/><div class=\"wp-block-cover__inner-container is-layout-flow wp-block-cover-is-layout-flow\">\n<p class=\"has-large-font-size\"><\/p>\n<\/div><\/div>\n\n\n\n<p><\/p>\n\n\n\n<h2 class=\"wp-block-heading\">Bei akuten Erkrankungen<\/h2>\n\n\n\n<p>F\u00fcr die Behandlung von akuten Erkrankungen k\u00f6nnen folgende Informationen wesentlich sein:<\/p>\n\n\n\n<ul class=\"wp-block-list\"><li>Arztberichte<\/li><li>Aktueller Medikamentenplan<\/li><\/ul>\n\n\n\n<p>In der ca. 30 \u2013 45 min\u00fctigen Akutanamnese mit den k\u00f6rperlichen Untersuchungen erfasse ich die aktuellen Symptome und verschreibe Ihnen ein hom\u00f6opathisches Akutmittel.&nbsp;Bei akuten Krankheiten erfolgt die Behandlung nach individuellen Gesichtspunkten. Zwei Patient*innen, die an der gleichen akuten Krankheit leiden, k\u00f6nnen zwei verschiedene hom\u00f6opathischen Arzneien erhalten.&nbsp;Wichtig f\u00fcr die richtige Wahl des Mittels sind nicht nur Ihre Symptome, sondern auch Ihr emotionales Befinden (z.B. \u00e4ngstliche Unruhe) sowie die Krankheitsursache und die Begleitumst\u00e4nde, unter denen sich die Symptome verbessern oder verschlechtern. Auch ein Sie Einzelheiten Ihrer Symptome f\u00fcr belanglos oder unbedeutend halten, k\u00f6nnen gerade diese Symptome f\u00fcr die Verschreibung der Arznei einen besonderen Wert haben.<\/p>\n\n\n\n<p>Wenige Stunden oder Tage nach der ersten Verordnung erfolgt die Nachkontrolle, entweder in der Praxis oder am Telefon.<\/p>\n\n\n\n<p>Ohne eine gr\u00fcndliche schulmedizinische Diagnostik geht gar nichts. Sollten sich Ihre Symptome nicht verbessern, kann ein Gang zum Arzt unausweichlich sein, damit schwere Krankheiten fr\u00fchzeitig erkannt werden!<\/p>\n\n\n\n<h2 class=\"wp-block-heading\">Beratung<\/h2>\n\n\n\n<p>Neben dem Heraussuchen der individuellen Arznei ist Beratung ein wichtiger Teil der Behandlung. Ich verstehe meine Arbeit als unabh\u00e4ngige Lotsin, die Sie bei der Fahrt in schwierigem Fahrwasser zukunftsorientiert ber\u00e4t.&nbsp;<\/p>\n\n\n\n<p>Sei es, dass Sie mehr Wasser trinken, sich h\u00e4ufiger vegetarisch ern\u00e4hren, auf einige Speisen oder Getr\u00e4nke verzichten sollten. Sei es Empfehlungen f\u00fcr Entspannungstechniken oder Bewegung, mehr Aufenthalt im Freien, in der Natur oder auch mehr Schlaf. Ich setze mich mit Ihnen, mit dem gesamten Menschen auseinander und versuche Sie und Ihre Symptome zu verstehen.&nbsp;<\/p>\n\n\n\n<p>Ziel ist es, dass Sie Zusammenh\u00e4nge in Ihrem Leben zwischen Krankheit, Denken, F\u00fchlen und Lebensstil verstehen. Manchmal sind mehr oder weniger kleine Ver\u00e4nderungen n\u00f6tig, um sich selber weiter entwickeln zu k\u00f6nnen.&nbsp;<\/p>\n\n\n\n<p>Ich bin nur da, um unter Zuhilfenahme von hom\u00f6opathischen Globuli und Gespr\u00e4chen Sie und ihre Lebenskraft so zu st\u00e4rken, dass sie sich selber befreien kann.&nbsp;<\/p>\n\n\n\n<p>Verantwortung f\u00fcr das, was ich mache, ist mir sehr wichtig. Deshalb werde ich in einigen F\u00e4llen darauf verweisen, zwecks weiterer Diagnostik zum Arzt zu gehen. Denn nur wer gut aufgekl\u00e4rt ist, auch \u00fcber konventionelle Verfahren, kann wirklich frei entscheiden.&nbsp;<\/p>\n\n\n\n<div class=\"wp-block-image\"><figure class=\"aligncenter size-large\"><img loading=\"lazy\" decoding=\"async\" width=\"283\" height=\"425\" src=\"http:\/\/www.xn--homopathie-marienhafe-jec.de\/home\/wp-content\/uploads\/2021\/05\/Blume.jpg\" alt=\"\" class=\"wp-image-121\" srcset=\"https:\/\/www.xn--homopathie-marienhafe-jec.de\/home\/wp-content\/uploads\/2021\/05\/Blume.jpg 283w, https:\/\/www.xn--homopathie-marienhafe-jec.de\/home\/wp-content\/uploads\/2021\/05\/Blume-200x300.jpg 200w\" sizes=\"auto, (max-width: 283px) 100vw, 283px\" \/><\/figure><\/div>\n\n\n\n<h2 class=\"wp-block-heading\">Ausarbeitung und Repertorisation<\/h2>\n\n\n\n<p>Nach Sichtung der mitgebrachten Befunde sowie der ggf. n\u00f6tigen k\u00f6rperlichen Untersuchung ist es meine Aufgabe, die erhobenen Einzelbefunde zu einem Ganzen zusammenzuf\u00fcgen. Nach der Anamnese werte ich Ihre Angaben aus und ermittle nach dem \u00c4hnlichkeitsgesetz das passende hom\u00f6opathische Arzneimittel. Nicht nur die korrekte Arzneiwahl ist entscheidend, sondern auch das Wissen um den im jeweiligen Fall ben\u00f6tigten korrekten Potenzierungsgrad und die ggf. Wiederholung der ben\u00f6tigten Arznei. Sie wird f\u00fcr jeden Patienten individuell nach den Regeln der klassischen Hom\u00f6opathie ermittelt und verordnet.<\/p>\n\n\n\n<p><\/p>\n","protected":false},"excerpt":{"rendered":"<p>Zu einer guten hom\u00f6opathischen Diagnose geh\u00f6rt, bei der Anamnese die richtigen Fragen zu stellen, um herauszufinden, was wirklich wichtig ist. Eine Methode, bei der ich auf Augenh\u00f6he dem Menschen begegne. Sie ist die Grundlage f\u00fcr eine individuelle Behandlung. Hom\u00f6opathie kann bei k\u00f6rperlichen, psychischen und seelischen Beschwerden und Krankheiten zum Einsatz kommen. Ich suche f\u00fcr Sie [&hellip;]<\/p>\n","protected":false},"author":1,"featured_media":0,"parent":0,"menu_order":0,"comment_status":"closed","ping_status":"closed","template":"","meta":{"footnotes":""},"class_list":["post-23","page","type-page","status-publish","hentry"],"_links":{"self":[{"href":"https:\/\/www.xn--homopathie-marienhafe-jec.de\/home\/wp-json\/wp\/v2\/pages\/23","targetHints":{"allow":["GET"]}}],"collection":[{"href":"https:\/\/www.xn--homopathie-marienhafe-jec.de\/home\/wp-json\/wp\/v2\/pages"}],"about":[{"href":"https:\/\/www.xn--homopathie-marienhafe-jec.de\/home\/wp-json\/wp\/v2\/types\/page"}],"author":[{"embeddable":true,"href":"https:\/\/www.xn--homopathie-marienhafe-jec.de\/home\/wp-json\/wp\/v2\/users\/1"}],"replies":[{"embeddable":true,"href":"https:\/\/www.xn--homopathie-marienhafe-jec.de\/home\/wp-json\/wp\/v2\/comments?post=23"}],"version-history":[{"count":7,"href":"https:\/\/www.xn--homopathie-marienhafe-jec.de\/home\/wp-json\/wp\/v2\/pages\/23\/revisions"}],"predecessor-version":[{"id":178,"href":"https:\/\/www.xn--homopathie-marienhafe-jec.de\/home\/wp-json\/wp\/v2\/pages\/23\/revisions\/178"}],"wp:attachment":[{"href":"https:\/\/www.xn--homopathie-marienhafe-jec.de\/home\/wp-json\/wp\/v2\/media?parent=23"}],"curies":[{"name":"wp","href":"https:\/\/api.w.org\/{rel}","templated":true}]}}